{"id":1128,"date":"2024-02-14T10:53:11","date_gmt":"2024-02-14T10:53:11","guid":{"rendered":"https:\/\/thoma-el.dk\/?page_id=1128"},"modified":"2024-02-15T14:55:12","modified_gmt":"2024-02-15T14:55:12","slug":"velkommen","status":"publish","type":"page","link":"https:\/\/eltavleteamet.dk\/","title":{"rendered":"Velkommen"},"content":{"rendered":"<p>[et_pb_section fb_built=&#8221;1&#8243; admin_label=&#8221;Header&#8221; _builder_version=&#8221;4.24.0&#8243; _module_preset=&#8221;default&#8221; use_background_color_gradient=&#8221;on&#8221; background_color_gradient_stops=&#8221;#f2f0eb 0%|rgba(242,240,235,0) 100%&#8221; background_color_gradient_overlays_image=&#8221;on&#8221; background_image=&#8221;https:\/\/thoma-el.dk\/wp-content\/uploads\/2024\/02\/IMG_3013.jpeg&#8221; background_position=&#8221;top_center&#8221; background_vertical_offset=&#8221;21%&#8221; custom_padding=&#8221;8vw||11vw||false|false&#8221; border_radii=&#8221;off|||0vw|0vw&#8221; locked=&#8221;off&#8221; collapsed=&#8221;on&#8221; global_colors_info=&#8221;{}&#8221;][et_pb_row column_structure=&#8221;3_5,2_5&#8243; _builder_version=&#8221;4.24.0&#8243; _module_preset=&#8221;default&#8221; max_width=&#8221;1800px&#8221; global_colors_info=&#8221;{}&#8221;][et_pb_column type=&#8221;3_5&#8243; _builder_version=&#8221;4.22.0&#8243; _module_preset=&#8221;default&#8221; global_colors_info=&#8221;{}&#8221;][et_pb_text _builder_version=&#8221;4.24.0&#8243; _module_preset=&#8221;aefeee5a-a351-48eb-ac35-7dac8453335b&#8221; header_text_align=&#8221;left&#8221; text_orientation=&#8221;center&#8221; max_width=&#8221;1440px&#8221; custom_margin=&#8221;||10px||false|false&#8221; hover_enabled=&#8221;0&#8243; global_colors_info=&#8221;{}&#8221; sticky_enabled=&#8221;0&#8243;]<\/p>\n<h2 style=\"text-align: left;\">SPAR 20 &#8211; 30% P\u00c5 DIN OPGAVE<\/h2>\n<h1>\nVelkommen til Eltavleteamet<br \/>\n<\/h1>\n<p>[\/et_pb_text][et_pb_text _builder_version=&#8221;4.24.0&#8243; _module_preset=&#8221;038e5505-f7fc-4510-a8f4-a359f8cf2a76&#8243; text_text_color=&#8221;gcid-2490e176-5733-4f77-b033-d0b72133e372&#8243; text_orientation=&#8221;center&#8221; max_width=&#8221;1440px&#8221; custom_padding=&#8221;|12px||11px||&#8221; hover_enabled=&#8221;0&#8243; global_colors_info=&#8221;{%22gcid-2490e176-5733-4f77-b033-d0b72133e372%22:%91%22text_text_color%22%93}&#8221; sticky_enabled=&#8221;0&#8243;]<\/p>\n<h4 style=\"text-align: left;\"><span>Hos Eltavleteamet har vi fokus p\u00e5 at give kunden en fuldendt oplevelse. <\/span><\/h4>\n<h4 style=\"text-align: left;\"><span>Vi udskifter og monterer alle typer for eltavler. <\/span><\/h4>\n<h4 style=\"text-align: left;\"><span>Vi udf\u00f8rer opgaver p\u00e5 hele<br \/>Sj\u00e6lland og ingen opgave er for stor eller lille.<br \/><\/span><\/h4>\n<h4 style=\"text-align: left;\"><span>Vi kommer altid ud og besigtiger nye opgaver, og giver altid faste priser.<\/span><\/h4>\n<h4 style=\"text-align: left;\"><span>Er dine elinstallationer beskyttet mod lynnedslag? <a href=\"https:\/\/eltavleteamet.dk\/wp-content\/uploads\/2020\/02\/artikel.pdf\">L\u00e6s mere her<\/a><br \/><\/span><\/h4>\n<p>&nbsp;<\/p>\n<p>[\/et_pb_text][et_pb_button button_url=&#8221;tel:35816055&#8243; button_text=&#8221; Ring direkte p\u00e5 35816055&#8243; button_alignment=&#8221;left&#8221; _builder_version=&#8221;4.24.0&#8243; _module_preset=&#8221;eabe777e-b08a-4d03-ada6-7aac67fb72d7&#8243; hover_enabled=&#8221;0&#8243; global_colors_info=&#8221;{}&#8221; sticky_enabled=&#8221;0&#8243;][\/et_pb_button][\/et_pb_column][et_pb_column type=&#8221;2_5&#8243; _builder_version=&#8221;4.22.0&#8243; _module_preset=&#8221;default&#8221; global_colors_info=&#8221;{}&#8221;][et_pb_text _builder_version=&#8221;4.24.0&#8243; _module_preset=&#8221;038e5505-f7fc-4510-a8f4-a359f8cf2a76&#8243; text_text_color=&#8221;gcid-2490e176-5733-4f77-b033-d0b72133e372&#8243; text_orientation=&#8221;center&#8221; max_width=&#8221;1440px&#8221; custom_margin=&#8221;60px||4px|||&#8221; custom_padding=&#8221;|12px||0px||&#8221; global_colors_info=&#8221;{%22gcid-2490e176-5733-4f77-b033-d0b72133e372%22:%91%22text_text_color%22%93}&#8221;]<\/p>\n<h4 style=\"text-align: left;\">\u00d8nsker du et uforpligtende tilbud?<\/h4>\n<h5 style=\"text-align: left;\">Indtast dit nummer for neden og vi ringer dig op<\/h5>\n<p>[\/et_pb_text][et_pb_text _builder_version=&#8221;4.24.0&#8243; _module_preset=&#8221;default&#8221; global_colors_info=&#8221;{}&#8221;]\t<form method=\"POST\" action=\"\/index.php?rest_route=%2Fwp%2Fv2%2Fpages%2F1128\" style=\"margin-left: 0px;\">\r\n\t<input type=\"text\" name=\"phonenumber\" style=\"width: 179px;padding: 10px;\" id=\"phonenumber\"> <input type=\"submit\" value=\"  Send  \" style=\"color: #fff; background: #222; border: none; padding: 9px; font-size: 17px; font-weight: bold;\">\r\n\t<\/form>\r\n[\/et_pb_text][\/et_pb_column][\/et_pb_row][\/et_pb_section][et_pb_section fb_built=&#8221;1&#8243; admin_label=&#8221;Services&#8221; _builder_version=&#8221;4.24.0&#8243; _module_preset=&#8221;default&#8221; background_color=&#8221;#f4f4f4&#8243; collapsed=&#8221;on&#8221; global_colors_info=&#8221;{}&#8221;][et_pb_row column_structure=&#8221;1_3,1_3,1_3&#8243; make_equal=&#8221;on&#8221; _builder_version=&#8221;4.24.0&#8243; _module_preset=&#8221;default&#8221; max_width=&#8221;1800px&#8221; locked=&#8221;off&#8221; global_colors_info=&#8221;{}&#8221;][et_pb_column type=&#8221;1_3&#8243; _builder_version=&#8221;4.24.0&#8243; _module_preset=&#8221;default&#8221; custom_padding=&#8221;30px|30px|30px|30px|true|true&#8221; border_radii=&#8221;on|30px|30px|30px|30px&#8221; border_width_all=&#8221;2px&#8221; border_color_all=&#8221;rgba(0,0,0,0.12)&#8221; global_colors_info=&#8221;{}&#8221;][et_pb_text _builder_version=&#8221;4.24.0&#8243; _module_preset=&#8221;4da5ab59-1593-499f-922b-27769fe0a1ff&#8221; custom_margin=&#8221;||0px||false|false&#8221; hover_enabled=&#8221;0&#8243; locked=&#8221;off&#8221; global_colors_info=&#8221;{}&#8221; sticky_enabled=&#8221;0&#8243;]<\/p>\n<h5>Ny Eltavle<\/p>\n<\/h5>\n<p>[\/et_pb_text][et_pb_text _builder_version=&#8221;4.24.0&#8243; _module_preset=&#8221;cec9099a-7b53-4607-9f27-8d2e20546dfe&#8221; custom_margin=&#8221;||-7px|||&#8221; custom_padding=&#8221;||5px|||&#8221; hover_enabled=&#8221;0&#8243; locked=&#8221;off&#8221; global_colors_info=&#8221;{}&#8221; sticky_enabled=&#8221;0&#8243;]Er det p\u00e5 tide at f\u00e5 udskiftet den gamle, eltavle i dit hus, lejlighed eller kontor uden at bruge en formue? Hos eltavleteamet kan du spare 30%. [\/et_pb_text][\/et_pb_column][et_pb_column type=&#8221;1_3&#8243; _builder_version=&#8221;4.22.0&#8243; _module_preset=&#8221;default&#8221; custom_padding=&#8221;30px|30px|30px|30px|true|true&#8221; border_radii=&#8221;on|30px|30px|30px|30px&#8221; border_width_all=&#8221;2px&#8221; border_color_all=&#8221;rgba(0,0,0,0.12)&#8221; global_colors_info=&#8221;{}&#8221;][et_pb_text _builder_version=&#8221;4.24.0&#8243; _module_preset=&#8221;4da5ab59-1593-499f-922b-27769fe0a1ff&#8221; custom_margin=&#8221;||0px||false|false&#8221; hover_enabled=&#8221;0&#8243; locked=&#8221;off&#8221; global_colors_info=&#8221;{}&#8221; sticky_enabled=&#8221;0&#8243;]<\/p>\n<h5>Pris p\u00e5 en ny eltavle<\/p>\n<\/h5>\n<p>[\/et_pb_text][et_pb_text _builder_version=&#8221;4.24.0&#8243; _module_preset=&#8221;cec9099a-7b53-4607-9f27-8d2e20546dfe&#8221; hover_enabled=&#8221;0&#8243; locked=&#8221;off&#8221; global_colors_info=&#8221;{}&#8221; sticky_enabled=&#8221;0&#8243;]<br \/>\nN\u00e5r du f\u00e5r udskiftet din gamle eltavle, s\u00e5 kan du spare p\u00e5 energien. Det betyder ogs\u00e5, at der er store besparelser at hente p\u00e5 energiregningen. [\/et_pb_text][\/et_pb_column][et_pb_column type=&#8221;1_3&#8243; _builder_version=&#8221;4.24.0&#8243; _module_preset=&#8221;default&#8221; custom_padding=&#8221;30px|30px|30px|30px|true|true&#8221; border_radii=&#8221;on|30px|30px|30px|30px&#8221; border_width_all=&#8221;2px&#8221; border_color_all=&#8221;rgba(0,0,0,0.12)&#8221; global_colors_info=&#8221;{}&#8221;][et_pb_text _builder_version=&#8221;4.24.0&#8243; _module_preset=&#8221;4da5ab59-1593-499f-922b-27769fe0a1ff&#8221; custom_margin=&#8221;||0px||false|false&#8221; hover_enabled=&#8221;0&#8243; locked=&#8221;off&#8221; global_colors_info=&#8221;{}&#8221; sticky_enabled=&#8221;0&#8243;]<\/p>\n<h5>Udskiftning af eltavle<br \/>\n<\/h5>\n<p>[\/et_pb_text][et_pb_text _builder_version=&#8221;4.24.0&#8243; _module_preset=&#8221;cec9099a-7b53-4607-9f27-8d2e20546dfe&#8221; hover_enabled=&#8221;0&#8243; locked=&#8221;off&#8221; global_colors_info=&#8221;{}&#8221; sticky_enabled=&#8221;0&#8243;]En ny eltavle med HPFI-rel\u00e6 er en sikkerhedsforanstaltning. Vi er autoriserede installat\u00f8rer, og vores eltavler opfylder alle sikkerhedkrav.[\/et_pb_text][\/et_pb_column][\/et_pb_row][\/et_pb_section][et_pb_section fb_built=&#8221;1&#8243; admin_label=&#8221;Feature&#8221; _builder_version=&#8221;4.24.0&#8243; _module_preset=&#8221;default&#8221; background_color=&#8221;#f2f2f2&#8243; collapsed=&#8221;on&#8221; global_colors_info=&#8221;{}&#8221;][et_pb_row column_structure=&#8221;1_2,1_2&#8243; make_equal=&#8221;on&#8221; _builder_version=&#8221;4.24.0&#8243; _module_preset=&#8221;default&#8221; max_width=&#8221;1800px&#8221; global_colors_info=&#8221;{}&#8221;][et_pb_column type=&#8221;1_2&#8243; _builder_version=&#8221;4.22.0&#8243; _module_preset=&#8221;default&#8221; global_colors_info=&#8221;{}&#8221;][et_pb_image src=&#8221;https:\/\/thoma-el.dk\/wp-content\/uploads\/2024\/02\/IMG_3752.jpeg&#8221; title_text=&#8221;IMG_3752&#8243; force_fullwidth=&#8221;on&#8221; _builder_version=&#8221;4.24.0&#8243; _module_preset=&#8221;default&#8221; scroll_horizontal_motion_enable=&#8221;on&#8221; scroll_horizontal_motion=&#8221;0|70|70|100|0.3|0|0&#8243; motion_trigger_start=&#8221;top&#8221; locked=&#8221;off&#8221; global_colors_info=&#8221;{}&#8221;][\/et_pb_image][\/et_pb_column][et_pb_column type=&#8221;1_2&#8243; _builder_version=&#8221;4.24.0&#8243; _module_preset=&#8221;default&#8221; background_enable_color=&#8221;off&#8221; custom_padding=&#8221;60px|60px|60px|60px|true|true&#8221; custom_padding_tablet=&#8221;30px|30px|30px|30px|true|true&#8221; custom_padding_phone=&#8221;20px|20px|20px|20px|true|true&#8221; custom_padding_last_edited=&#8221;on|tablet&#8221; border_radii=&#8221;on|3vw|3vw|3vw|3vw&#8221; global_colors_info=&#8221;{%22gcid-a93f2103-1d8b-43bb-b21d-81d84bba8b15%22:%91%22background_color%22%93}&#8221;][et_pb_text _builder_version=&#8221;4.24.0&#8243; _module_preset=&#8221;a5a44bd7-81e7-40c4-b07e-6f14830754fd&#8221; custom_margin=&#8221;121px||10px||false|false&#8221; hover_enabled=&#8221;0&#8243; locked=&#8221;off&#8221; global_colors_info=&#8221;{}&#8221; sticky_enabled=&#8221;0&#8243;]<\/p>\n<h2>Vi udf\u00f8rer alt i forbindelse med eltavler<\/h2>\n<p>[\/et_pb_text][et_pb_text _builder_version=&#8221;4.24.0&#8243; _module_preset=&#8221;a5ad6dbe-d573-4eb7-bf31-d5d8f1f7298e&#8221; max_width=&#8221;500px&#8221; hover_enabled=&#8221;0&#8243; locked=&#8221;off&#8221; global_colors_info=&#8221;{}&#8221; sticky_enabled=&#8221;0&#8243;]\t<\/p>\n<p>Hos Eltavleteamet er kunden i fokus \u2013 Vi g\u00f8r alt for, at give vores kunder en fuldendt oplevelse og vi er ikke f\u00e6rdige f\u00f8r kunden er tilfreds.<br \/>\nDerfor giver vi ogs\u00e5 uforpligtende tilbud, s\u00e5 kunden selv kan vurdere det bedste tilbud.<br \/>\n[\/et_pb_text][\/et_pb_column][\/et_pb_row][\/et_pb_section]<\/p>\n","protected":false},"excerpt":{"rendered":"<p>SPAR 20 &#8211; 30% P\u00c5 DIN OPGAVE Velkommen til Eltavleteamet Hos Eltavleteamet har vi fokus p\u00e5 at give kunden en fuldendt oplevelse. Vi udskifter og monterer alle typer for eltavler. Vi udf\u00f8rer opgaver p\u00e5 heleSj\u00e6lland og ingen opgave er for stor eller lille. Vi kommer altid ud og besigtiger nye opgaver, og giver altid faste [&hellip;]<\/p>\n","protected":false},"author":2,"featured_media":0,"parent":0,"menu_order":0,"comment_status":"closed","ping_status":"closed","template":"","meta":{"_et_pb_use_builder":"on","_et_pb_old_content":"","_et_gb_content_width":"","footnotes":""},"yoast_head":"<!-- This site is optimized with the Yoast SEO plugin v22.0 - https:\/\/yoast.com\/wordpress\/plugins\/seo\/ -->\n<title>Velkommen - Thoma Elektriker - Din lokale elektriker i K\u00f8benhavn &amp; Nordsj\u00e6lland<\/title>\n<meta name=\"robots\" content=\"index, follow, max-snippet:-1, max-image-preview:large, max-video-preview:-1\" \/>\n<link rel=\"canonical\" href=\"https:\/\/eltavleteamet.dk\/\" \/>\n<meta property=\"og:locale\" content=\"en_US\" \/>\n<meta property=\"og:type\" content=\"article\" \/>\n<meta property=\"og:title\" content=\"Velkommen - Thoma Elektriker - Din lokale elektriker i K\u00f8benhavn &amp; Nordsj\u00e6lland\" \/>\n<meta property=\"og:description\" content=\"SPAR 20 - 30% P\u00c5 DIN OPGAVE Velkommen til Eltavleteamet Hos Eltavleteamet har vi fokus p\u00e5 at give kunden en fuldendt oplevelse. Vi udskifter og monterer alle typer for eltavler. Vi udf\u00f8rer opgaver p\u00e5 heleSj\u00e6lland og ingen opgave er for stor eller lille. Vi kommer altid ud og besigtiger nye opgaver, og giver altid faste [&hellip;]\" \/>\n<meta property=\"og:url\" content=\"https:\/\/eltavleteamet.dk\/\" \/>\n<meta property=\"og:site_name\" content=\"Thoma Elektriker - Din lokale elektriker i K\u00f8benhavn &amp; Nordsj\u00e6lland\" \/>\n<meta property=\"article:modified_time\" content=\"2024-02-15T14:55:12+00:00\" \/>\n<meta name=\"twitter:card\" content=\"summary_large_image\" \/>\n<meta name=\"twitter:label1\" content=\"Est. reading time\" \/>\n\t<meta name=\"twitter:data1\" content=\"5 minutes\" \/>\n<script type=\"application\/ld+json\" class=\"yoast-schema-graph\">{\"@context\":\"https:\/\/schema.org\",\"@graph\":[{\"@type\":\"WebPage\",\"@id\":\"https:\/\/eltavleteamet.dk\/\",\"url\":\"https:\/\/eltavleteamet.dk\/\",\"name\":\"Velkommen - Thoma Elektriker - Din lokale elektriker i K\u00f8benhavn &amp; Nordsj\u00e6lland\",\"isPartOf\":{\"@id\":\"https:\/\/eltavleteamet.dk\/#website\"},\"datePublished\":\"2024-02-14T10:53:11+00:00\",\"dateModified\":\"2024-02-15T14:55:12+00:00\",\"breadcrumb\":{\"@id\":\"https:\/\/eltavleteamet.dk\/#breadcrumb\"},\"inLanguage\":\"en-US\",\"potentialAction\":[{\"@type\":\"ReadAction\",\"target\":[\"https:\/\/eltavleteamet.dk\/\"]}]},{\"@type\":\"BreadcrumbList\",\"@id\":\"https:\/\/eltavleteamet.dk\/#breadcrumb\",\"itemListElement\":[{\"@type\":\"ListItem\",\"position\":1,\"name\":\"Forside\",\"item\":\"https:\/\/eltavleteamet.dk\/\"},{\"@type\":\"ListItem\",\"position\":2,\"name\":\"Velkommen\"}]},{\"@type\":\"WebSite\",\"@id\":\"https:\/\/eltavleteamet.dk\/#website\",\"url\":\"https:\/\/eltavleteamet.dk\/\",\"name\":\"Thoma Elektriker - Din lokale elektriker i K\u00f8benhavn &amp; Nordsj\u00e6lland\",\"description\":\"Din Elektriker i Hvidovre\",\"potentialAction\":[{\"@type\":\"SearchAction\",\"target\":{\"@type\":\"EntryPoint\",\"urlTemplate\":\"https:\/\/eltavleteamet.dk\/?s={search_term_string}\"},\"query-input\":\"required name=search_term_string\"}],\"inLanguage\":\"en-US\"}]}<\/script>\n<!-- \/ Yoast SEO plugin. -->","yoast_head_json":{"title":"Velkommen - Thoma Elektriker - Din lokale elektriker i K\u00f8benhavn &amp; Nordsj\u00e6lland","robots":{"index":"index","follow":"follow","max-snippet":"max-snippet:-1","max-image-preview":"max-image-preview:large","max-video-preview":"max-video-preview:-1"},"canonical":"https:\/\/eltavleteamet.dk\/","og_locale":"en_US","og_type":"article","og_title":"Velkommen - Thoma Elektriker - Din lokale elektriker i K\u00f8benhavn &amp; Nordsj\u00e6lland","og_description":"SPAR 20 - 30% P\u00c5 DIN OPGAVE Velkommen til Eltavleteamet Hos Eltavleteamet har vi fokus p\u00e5 at give kunden en fuldendt oplevelse. Vi udskifter og monterer alle typer for eltavler. Vi udf\u00f8rer opgaver p\u00e5 heleSj\u00e6lland og ingen opgave er for stor eller lille. Vi kommer altid ud og besigtiger nye opgaver, og giver altid faste [&hellip;]","og_url":"https:\/\/eltavleteamet.dk\/","og_site_name":"Thoma Elektriker - Din lokale elektriker i K\u00f8benhavn &amp; Nordsj\u00e6lland","article_modified_time":"2024-02-15T14:55:12+00:00","twitter_card":"summary_large_image","twitter_misc":{"Est. reading time":"5 minutes"},"schema":{"@context":"https:\/\/schema.org","@graph":[{"@type":"WebPage","@id":"https:\/\/eltavleteamet.dk\/","url":"https:\/\/eltavleteamet.dk\/","name":"Velkommen - Thoma Elektriker - Din lokale elektriker i K\u00f8benhavn &amp; Nordsj\u00e6lland","isPartOf":{"@id":"https:\/\/eltavleteamet.dk\/#website"},"datePublished":"2024-02-14T10:53:11+00:00","dateModified":"2024-02-15T14:55:12+00:00","breadcrumb":{"@id":"https:\/\/eltavleteamet.dk\/#breadcrumb"},"inLanguage":"en-US","potentialAction":[{"@type":"ReadAction","target":["https:\/\/eltavleteamet.dk\/"]}]},{"@type":"BreadcrumbList","@id":"https:\/\/eltavleteamet.dk\/#breadcrumb","itemListElement":[{"@type":"ListItem","position":1,"name":"Forside","item":"https:\/\/eltavleteamet.dk\/"},{"@type":"ListItem","position":2,"name":"Velkommen"}]},{"@type":"WebSite","@id":"https:\/\/eltavleteamet.dk\/#website","url":"https:\/\/eltavleteamet.dk\/","name":"Thoma Elektriker - Din lokale elektriker i K\u00f8benhavn &amp; Nordsj\u00e6lland","description":"Din Elektriker i Hvidovre","potentialAction":[{"@type":"SearchAction","target":{"@type":"EntryPoint","urlTemplate":"https:\/\/eltavleteamet.dk\/?s={search_term_string}"},"query-input":"required name=search_term_string"}],"inLanguage":"en-US"}]}},"_links":{"self":[{"href":"https:\/\/eltavleteamet.dk\/index.php?rest_route=\/wp\/v2\/pages\/1128"}],"collection":[{"href":"https:\/\/eltavleteamet.dk\/index.php?rest_route=\/wp\/v2\/pages"}],"about":[{"href":"https:\/\/eltavleteamet.dk\/index.php?rest_route=\/wp\/v2\/types\/page"}],"author":[{"embeddable":true,"href":"https:\/\/eltavleteamet.dk\/index.php?rest_route=\/wp\/v2\/users\/2"}],"replies":[{"embeddable":true,"href":"https:\/\/eltavleteamet.dk\/index.php?rest_route=%2Fwp%2Fv2%2Fcomments&post=1128"}],"version-history":[{"count":33,"href":"https:\/\/eltavleteamet.dk\/index.php?rest_route=\/wp\/v2\/pages\/1128\/revisions"}],"predecessor-version":[{"id":1286,"href":"https:\/\/eltavleteamet.dk\/index.php?rest_route=\/wp\/v2\/pages\/1128\/revisions\/1286"}],"wp:attachment":[{"href":"https:\/\/eltavleteamet.dk\/index.php?rest_route=%2Fwp%2Fv2%2Fmedia&parent=1128"}],"curies":[{"name":"wp","href":"https:\/\/api.w.org\/{rel}","templated":true}]}}